{"id":3,"date":"2025-07-22T19:40:15","date_gmt":"2025-07-22T19:40:15","guid":{"rendered":"http:\/\/127.0.0.1\/?page_id=3"},"modified":"2025-08-09T08:29:00","modified_gmt":"2025-08-09T11:29:00","slug":"politica-de-privacidade","status":"publish","type":"page","link":"https:\/\/tarapanoff-consulting.com\/es\/politica-de-privacidade\/","title":{"rendered":"pol\u00edtica de privacidad"},"content":{"rendered":"<div id=\"fws_69e1e582ed485\"  data-column-margin=\"default\" data-midnight=\"dark\" data-top-percent=\"4%\"  class=\"wpb_row vc_row-fluid vc_row\"  style=\"padding-top: calc(100vw * 0.04); padding-bottom: 0px; \"><div class=\"row-bg-wrap\" data-bg-animation=\"none\" data-bg-animation-delay=\"\" data-bg-overlay=\"false\"><div class=\"inner-wrap row-bg-layer\" ><div class=\"row-bg viewport-desktop\"  style=\"\"><\/div><\/div><\/div><div class=\"row_col_wrap_12 col span_12 dark left\">\n\t<div  class=\"vc_col-sm-2 wpb_column column_container vc_column_container col no-extra-padding inherit_tablet inherit_phone\"  data-padding-pos=\"all\" data-has-bg-color=\"false\" data-bg-color=\"\" data-bg-opacity=\"1\" data-animation=\"\" data-delay=\"0\" >\n\t\t<div class=\"vc_column-inner\" >\n\t\t\t<div class=\"wpb_wrapper\">\n\t\t\t\t\n\t\t\t<\/div> \n\t\t<\/div>\n\t<\/div> \n\n\t<div  class=\"vc_col-sm-8 wpb_column column_container vc_column_container col no-extra-padding inherit_tablet inherit_phone\"  data-padding-pos=\"all\" data-has-bg-color=\"false\" data-bg-color=\"\" data-bg-opacity=\"1\" data-animation=\"\" data-delay=\"0\" >\n\t\t<div class=\"vc_column-inner\" >\n\t\t\t<div class=\"wpb_wrapper\">\n\t\t\t\t\n<div class=\"wpb_text_column wpb_content_element  wpb_animate_when_almost_visible wpb_fadeInDown fadeInDown\" >\n\t<div class=\"wpb_wrapper\">\n\t\t<h1>pol\u00edtica de privacidad<\/h1>\n<h2>Quienes somos<\/h2>\n<p>Nosotros somos los <strong>Clarissa Tarapanoff \u2013 Consultor\u00eda de Sostenibilidad,<\/strong>\u00a0una consultor\u00eda especializada en\u00a0<wbr \/>sostenibilidad para\u00a0<wbr \/>empresas, organizaciones y <wbr \/>instituciones sin fines de lucro\u00a0<wbr \/>los que buscan ganancias y quieren\u00a0<wbr \/>Alinea tus estrategias con los mejores\u00a0<wbr \/>pr\u00e1cticas globales, promoviendo\u00a0<wbr \/>valor a largo plazo.<\/p>\n<p>Nuestro sitio web oficial es: <a href=\"https:\/\/tarapanoff-consulting.com\/es\/\">https:\/\/tarapanoff-consulting.com<\/a>.<br \/>\nSi tiene alguna pregunta sobre esta Pol\u00edtica de Privacidad o desea ejercer sus derechos relacionados con sus datos, cont\u00e1ctenos por correo electr\u00f3nico: <strong><a href=\"mailto:clarissa@tarapanoff-consulting.com\">clarissa@tarapanoff-consulting.com<\/a><\/strong>.<\/p>\n<h2>Comentarios<\/h2>\n<p>Cuando los visitantes dejan comentarios en nuestro sitio, recopilamos los datos ingresados en el formulario de comentarios, adem\u00e1s de la direcci\u00f3n IP y los datos del navegador, para ayudar a la detecci\u00f3n de spam.<\/p>\n<p>Es posible que se proporcione al servicio Gravatar un identificador an\u00f3nimo (en hash) generado a partir de su direcci\u00f3n de correo electr\u00f3nico para verificar si lo est\u00e1 utilizando. La pol\u00edtica de privacidad de Gravatar est\u00e1 disponible en: <a href=\"https:\/\/automattic.com\/privacy\/\">https:\/\/automattic.com\/privacy\/<\/a>Una vez aprobado tu comentario, tu foto de perfil ser\u00e1 visible para el p\u00fablico junto con tu comentario.<\/p>\n<h2>Medios de comunicaci\u00f3n<\/h2>\n<p>Al subir im\u00e1genes al sitio web, evite incluir datos de ubicaci\u00f3n (GPS EXIF). Otros visitantes pueden descargar y extraer esta informaci\u00f3n de las im\u00e1genes publicadas.<\/p>\n<h2>Galletas<\/h2>\n<p>Si dejas un comentario, puedes optar por guardar tu nombre, direcci\u00f3n de correo electr\u00f3nico y sitio web en las cookies de tu navegador. Esto es solo para tu comodidad, para evitar tener que introducir esta informaci\u00f3n repetidamente al dejar nuevos comentarios. Estas cookies duran hasta un a\u00f1o.<\/p>\n<p>Si visita la p\u00e1gina de inicio de sesi\u00f3n, se crear\u00e1 una cookie temporal para comprobar si su navegador acepta cookies. Esta cookie se elimina al cerrar el navegador.<\/p>\n<p>Al iniciar sesi\u00f3n, se instalar\u00e1n cookies adicionales para recordar su informaci\u00f3n de inicio de sesi\u00f3n y mostrar sus preferencias. Las cookies de inicio de sesi\u00f3n duran dos d\u00edas; las de preferencias de visualizaci\u00f3n, un a\u00f1o. Si selecciona &quot;Recordarme&quot;, su sesi\u00f3n se mantendr\u00e1 durante dos semanas. Al cerrar sesi\u00f3n, estas cookies se eliminar\u00e1n.<\/p>\n<p>Si edita o publica un art\u00edculo, se guardar\u00e1 una cookie adicional con el ID de la publicaci\u00f3n editada, que expirar\u00e1 despu\u00e9s de 1 d\u00eda.<\/p>\n<h2>Contenido incrustado de otros sitios web<\/h2>\n<p>Los art\u00edculos de este sitio pueden contener contenido incrustado (como v\u00eddeos, im\u00e1genes y art\u00edculos). Estos elementos se comportan como si el visitante hubiera visitado directamente el sitio web de origen.<\/p>\n<p>Estos sitios externos pueden recopilar datos sobre usted, utilizar cookies, implementar seguimiento de terceros y monitorear su interacci\u00f3n con el contenido, especialmente si ha iniciado sesi\u00f3n en ellos.<\/p>\n<h2>Con qui\u00e9n compartimos tus datos<\/h2>\n<p>Si solicita un restablecimiento de contrase\u00f1a, su direcci\u00f3n IP se incluir\u00e1 en el correo electr\u00f3nico de restablecimiento como medida de seguridad.<\/p>\n<h2>\u00bfDurante cu\u00e1nto tiempo conservamos sus datos?<\/h2>\n<p>Los comentarios y sus metadatos se conservan indefinidamente para que podamos reconocerlos y aprobarlos autom\u00e1ticamente.<\/p>\n<p>Los datos personales de los usuarios registrados (si los hay) se almacenan en su perfil, que puede consultarse, editarse o eliminarse en cualquier momento (excepto el nombre de usuario). Los administradores del sitio tambi\u00e9n pueden ver y editar esta informaci\u00f3n.<\/p>\n<h2>Tus derechos sobre tus datos<\/h2>\n<p>Si tiene una cuenta en el sitio o ha dejado comentarios, puede solicitar un archivo de los datos personales que conservamos, incluyendo la informaci\u00f3n que nos ha proporcionado. Tambi\u00e9n puede solicitar la eliminaci\u00f3n de estos datos, excepto aquellos que debamos conservar por motivos legales, administrativos o de seguridad.<\/p>\n<p>Las solicitudes deber\u00e1n enviarse a: <strong><a href=\"mailto:clarissa@tarapanoff-consulting.com\">clarissa@tarapanoff-consulting.com<\/a><\/strong>.<\/p>\n<h2>D\u00f3nde se env\u00edan sus datos<\/h2>\n<p>Los comentarios pueden ser revisados autom\u00e1ticamente por servicios de detecci\u00f3n de spam.<\/p>\n\t<\/div>\n<\/div>\n\n\n\n\n\t\t\t<\/div> \n\t\t<\/div>\n\t<\/div> \n\n\t<div  class=\"vc_col-sm-2 wpb_column column_container vc_column_container col no-extra-padding inherit_tablet inherit_phone\"  data-padding-pos=\"all\" data-has-bg-color=\"false\" data-bg-color=\"\" data-bg-opacity=\"1\" data-animation=\"\" data-delay=\"0\" >\n\t\t<div class=\"vc_column-inner\" >\n\t\t\t<div class=\"wpb_wrapper\">\n\t\t\t\t\n\t\t\t<\/div> \n\t\t<\/div>\n\t<\/div> \n<\/div><\/div>","protected":false},"excerpt":{"rendered":"Pol\u00edtica de privacidade Quem somos Somos a Clarissa Tarapanoff - Sustainability Consulting,\u00a0uma consultoria\u00a0especializada\u00a0em\u00a0sustentabilidade\u00a0para\u00a0empresas, organiza\u00e7\u00f5es e institui\u00e7\u00f5es\u00a0sem\u00a0fins\u00a0lucrativos\u00a0que\u00a0desejam\u00a0alinhar\u00a0suas estrat\u00e9gias\u00a0\u00e0s\u00a0melhores\u00a0pr\u00e1ticas\u00a0globais,\u00a0promovendo\u00a0valor de longo prazo. Nosso site oficial \u00e9: https:\/\/tarapanoff-consulting.com. Caso tenha qualquer d\u00favida sobre...","protected":false},"author":3,"featured_media":0,"parent":0,"menu_order":0,"comment_status":"closed","ping_status":"open","template":"","meta":{"footnotes":""},"class_list":["post-3","page","type-page","status-publish"],"_links":{"self":[{"href":"https:\/\/tarapanoff-consulting.com\/es\/wp-json\/wp\/v2\/pages\/3","targetHints":{"allow":["GET"]}}],"collection":[{"href":"https:\/\/tarapanoff-consulting.com\/es\/wp-json\/wp\/v2\/pages"}],"about":[{"href":"https:\/\/tarapanoff-consulting.com\/es\/wp-json\/wp\/v2\/types\/page"}],"author":[{"embeddable":true,"href":"https:\/\/tarapanoff-consulting.com\/es\/wp-json\/wp\/v2\/users\/3"}],"replies":[{"embeddable":true,"href":"https:\/\/tarapanoff-consulting.com\/es\/wp-json\/wp\/v2\/comments?post=3"}],"version-history":[{"count":4,"href":"https:\/\/tarapanoff-consulting.com\/es\/wp-json\/wp\/v2\/pages\/3\/revisions"}],"predecessor-version":[{"id":682,"href":"https:\/\/tarapanoff-consulting.com\/es\/wp-json\/wp\/v2\/pages\/3\/revisions\/682"}],"wp:attachment":[{"href":"https:\/\/tarapanoff-consulting.com\/es\/wp-json\/wp\/v2\/media?parent=3"}],"curies":[{"name":"gracias","href":"https:\/\/api.w.org\/{rel}","templated":true}]}}