{"id":18,"date":"2025-07-22T18:55:06","date_gmt":"2025-07-22T21:55:06","guid":{"rendered":"http:\/\/clarissa.vesano.com.br\/?page_id=18"},"modified":"2025-08-18T15:27:26","modified_gmt":"2025-08-18T18:27:26","slug":"sobre-nos","status":"publish","type":"page","link":"https:\/\/tarapanoff-consulting.com\/es\/sobre-nos\/","title":{"rendered":"Sobre nosotros"},"content":{"rendered":"<div id=\"fws_69e1e2fb279df\"  data-column-margin=\"default\" data-midnight=\"dark\"  class=\"wpb_row vc_row-fluid vc_row vc_row-o-equal-height vc_row-flex vc_row-o-content-middle  top_margin_10pct bottom_margin_10pct right_padding_tablet_8pct left_padding_tablet_8pct\"  style=\"padding-top: 0px; padding-bottom: 0px; \"><div class=\"row-bg-wrap\" data-bg-animation=\"none\" data-bg-animation-delay=\"\" data-bg-overlay=\"false\"><div class=\"inner-wrap row-bg-layer\" ><div class=\"row-bg viewport-desktop\"  style=\"\"><\/div><\/div><\/div><div class=\"row_col_wrap_12 col span_12 dark left\">\n\t<div  class=\"vc_col-sm-6 wpb_column column_container vc_column_container col centered-text no-extra-padding el_spacing_0px inherit_tablet inherit_phone\"  data-padding-pos=\"all\" data-has-bg-color=\"false\" data-bg-color=\"\" data-bg-opacity=\"1\" data-animation=\"\" data-delay=\"0\" data-scroll-animation=\"true\" data-scroll-animation-movement=\"default\" data-scroll-animation-mobile=\"\" data-scroll-animation-intensity=\"1\" >\n\t\t<div class=\"vc_column-inner\" >\n\t\t\t<div class=\"wpb_wrapper\">\n\t\t\t\t<div class=\"img-with-aniamtion-wrap\" data-max-width=\"100%\" data-max-width-mobile=\"default\" data-shadow=\"none\" data-animation=\"none\" >\n      <div class=\"inner\">\n        <div class=\"hover-wrap\"> \n          <div class=\"hover-wrap-inner\">\n            <img loading=\"lazy\" decoding=\"async\" class=\"img-with-animation skip-lazy\" data-delay=\"0\" height=\"554\" width=\"393\" data-animation=\"none\" src=\"https:\/\/tarapanoff-consulting.com\/wp-content\/uploads\/2025\/08\/ClarissaFoto.webp\" alt=\"\" srcset=\"https:\/\/tarapanoff-consulting.com\/wp-content\/uploads\/2025\/08\/ClarissaFoto.webp 393w, https:\/\/tarapanoff-consulting.com\/wp-content\/uploads\/2025\/08\/ClarissaFoto-213x300.webp 213w, https:\/\/tarapanoff-consulting.com\/wp-content\/uploads\/2025\/08\/ClarissaFoto-9x12.webp 9w\" sizes=\"auto, (max-width: 393px) 100vw, 393px\" \/>\n          <\/div>\n        <\/div>\n      <\/div>\n    <\/div>\n\t\t\t<\/div> \n\t\t<\/div>\n\t<\/div> \n\n\t<div  class=\"vc_col-sm-6 wpb_column column_container vc_column_container col no-extra-padding no-extra-padding_tablet no-extra-padding_phone\"  data-padding-pos=\"all\" data-has-bg-color=\"false\" data-bg-color=\"\" data-bg-opacity=\"1\" data-animation=\"\" data-delay=\"0\" >\n\t\t<div class=\"vc_column-inner\" >\n\t\t\t<div class=\"wpb_wrapper\">\n\t\t\t\t<div class=\"nectar-split-heading  font_size_3vw\" data-align=\"default\" data-m-align=\"inherit\" data-text-effect=\"default\" data-animation-type=\"line-reveal-by-space\" data-animation-delay=\"0\" data-animation-offset=\"\" data-m-rm-animation=\"\" data-stagger=\"true\" data-custom-font-size=\"true\" style=\"font-size: 3vw; line-height: 3.3vw;\"><h2 style=\" color: #676767;\">Clarissa Tarapanoff<\/h2><\/div><div id=\"fws_69e1e2fb2a1d3\" data-midnight=\"\" data-column-margin=\"none\" class=\"wpb_row vc_row-fluid vc_row inner_row\"  style=\"\"><div class=\"row-bg-wrap\"> <div class=\"row-bg\" ><\/div> <\/div><div class=\"row_col_wrap_12_inner col span_12  left\">\n\t<div  class=\"vc_col-sm-12 wpb_column column_container vc_column_container col child_column has-animation no-extra-padding inherit_tablet inherit_phone\"   data-padding-pos=\"all\" data-has-bg-color=\"false\" data-bg-color=\"\" data-bg-opacity=\"1\" data-animation=\"fade-in-from-bottom\" data-delay=\"0\" >\n\t\t<div class=\"vc_column-inner\" >\n\t\t<div class=\"wpb_wrapper\">\n\t\t\t<div class=\"nectar-split-heading  font_size_tablet_18px font_size_phone_16px font_line_height_1-6\" data-align=\"default\" data-m-align=\"inherit\" data-text-effect=\"none\" data-animation-type=\"line-reveal-by-space\" data-animation-delay=\"0\" data-animation-offset=\"\" data-m-rm-animation=\"\" data-stagger=\"\" data-custom-font-size=\"false\" ><p >Abogada brasile\u00f1a con m\u00e1s de 22 a\u00f1os de experiencia en el sector corporativo, que combina un profundo conocimiento jur\u00eddico con una visi\u00f3n estrat\u00e9gica en sostenibilidad y ESG.<\/p>\n<p>Inici\u00f3 su carrera en destacadas firmas globales de consultor\u00eda (Big Four), asesorando a clientes de diversos sectores en retos regulatorios y empresariales complejos. Esta experiencia inicial le permiti\u00f3 desarrollar una s\u00f3lida base para desenvolverse en marcos legales y alinear el cumplimiento normativo con la estrategia empresarial.<\/p>\n<p>Desde hace nueve a\u00f1os reside en Alemania, donde trabaj\u00f3 para una de las mayores corporaciones multinacionales del mundo. En este cargo, lider\u00f3 iniciativas de sostenibilidad de alto impacto, gestion\u00f3 complejas redes de stakeholders, represent\u00f3 a la empresa ante asociaciones sectoriales y organismos reguladores, y desempe\u00f1\u00f3 un papel clave en el desarrollo e implementaci\u00f3n de estrategias de reporte de sostenibilidad y medici\u00f3n de impacto.<\/p>\n<p>A trav\u00e9s de su firma de consultor\u00eda, actualmente acompa\u00f1a a organizaciones en su camino hacia la sostenibilidad, ofreciendo soluciones personalizadas, pr\u00e1cticas y visionarias que se alinean con las expectativas globales en evoluci\u00f3n y generan un impacto real.<\/p><\/div>\n\t\t<\/div> \n\t<\/div>\n\t<\/div> \n<\/div><\/div>\n\t\t\t<\/div> \n\t\t<\/div>\n\t<\/div> \n<\/div><\/div>\n\t\t<div id=\"fws_69e1e2fb2a5f7\"  data-column-margin=\"default\" data-midnight=\"dark\" data-top-percent=\"6%\" data-bottom-percent=\"6%\"  class=\"wpb_row vc_row-fluid vc_row full-width-section vc_row-o-equal-height vc_row-flex vc_row-o-content-middle  right_padding_6pct left_padding_6pct\"  style=\"padding-top: calc(100vw * 0.06); padding-bottom: calc(100vw * 0.06); \"><div class=\"row-bg-wrap\" data-bg-animation=\"none\" data-bg-animation-delay=\"\" data-bg-overlay=\"true\"><div class=\"inner-wrap row-bg-layer\" ><div class=\"row-bg viewport-desktop\"  style=\"\"><\/div><\/div><div class=\"row-bg-overlay row-bg-layer\" style=\"background: #DAE6D6A3; background: linear-gradient(to bottom,#DAE6D6A3 0%,#FFFFFF 100%);  opacity: 1; \"><\/div><\/div><div class=\"row_col_wrap_12 col span_12 dark left\">\n\t<div  class=\"vc_col-sm-12 wpb_column column_container vc_column_container col no-extra-padding inherit_tablet inherit_phone\"  data-padding-pos=\"right\" data-has-bg-color=\"false\" data-bg-color=\"\" data-bg-opacity=\"1\" data-animation=\"\" data-delay=\"0\" >\n\t\t<div class=\"vc_column-inner\" >\n\t\t\t<div class=\"wpb_wrapper\">\n\t\t\t\t<div id=\"fws_69e1e2fb2a7a9\" data-midnight=\"\" data-column-margin=\"default\" class=\"wpb_row vc_row-fluid vc_row inner_row\"  style=\"\"><div class=\"row-bg-wrap\"> <div class=\"row-bg\" ><\/div> <\/div><div class=\"row_col_wrap_12_inner col span_12  left\">\n\t<div  class=\"vc_col-sm-6 wpb_column column_container vc_column_container col child_column no-extra-padding inherit_tablet inherit_phone\"   data-padding-pos=\"all\" data-has-bg-color=\"false\" data-bg-color=\"\" data-bg-opacity=\"1\" data-animation=\"\" data-delay=\"0\" >\n\t\t<div class=\"vc_column-inner\" >\n\t\t<div class=\"wpb_wrapper\">\n\t\t\t<div class=\"nectar-split-heading\" data-align=\"default\" data-m-align=\"inherit\" data-text-effect=\"default\" data-animation-type=\"line-reveal-by-space\" data-animation-delay=\"0\" data-animation-offset=\"\" data-m-rm-animation=\"\" data-stagger=\"true\" data-custom-font-size=\"false\" ><h2 style=\"max-width: 550px; color: #676767;\">Misi\u00f3n<\/h2><\/div>\n<div class=\"wpb_text_column wpb_content_element\" style=\" max-width: 550px; display: inline-block;\">\n\t<div class=\"wpb_wrapper\">\n\t\t<p>Ayudar a organizaciones y empresas a generar un impacto positivo, promoviendo soluciones estrat\u00e9gicas que alineen la responsabilidad ambiental, el desarrollo social y la viabilidad econ\u00f3mica.<\/p>\n\t<\/div>\n<\/div>\n\n\n\n\n\t\t<\/div> \n\t<\/div>\n\t<\/div> \n\n\t<div style=\" color: #676767;\" class=\"vc_col-sm-6 wpb_column column_container vc_column_container col child_column no-extra-padding inherit_tablet inherit_phone\" data-cfc=\"true\"  data-padding-pos=\"all\" data-has-bg-color=\"false\" data-bg-color=\"\" data-bg-opacity=\"1\" data-animation=\"\" data-delay=\"0\" >\n\t\t<div class=\"vc_column-inner\" >\n\t\t<div class=\"wpb_wrapper\">\n\t\t\t<div class=\"nectar-split-heading\" data-align=\"default\" data-m-align=\"inherit\" data-text-effect=\"default\" data-animation-type=\"line-reveal-by-space\" data-animation-delay=\"0\" data-animation-offset=\"\" data-m-rm-animation=\"\" data-stagger=\"true\" data-custom-font-size=\"false\" ><h2 style=\"max-width: 550px;\">Visi\u00f3n<\/h2><\/div>\n<div class=\"wpb_text_column wpb_content_element\" style=\" max-width: 550px; display: inline-block;\">\n\t<div class=\"wpb_wrapper\">\n\t\t<p>Construir, en alianza con nuestros clientes, un mundo m\u00e1s sostenible, justo y resiliente, convirti\u00e9ndonos en un referente en soluciones transformadoras.<\/p>\n\t<\/div>\n<\/div>\n\n\n\n\n\t\t<\/div> \n\t<\/div>\n\t<\/div> \n<\/div><\/div><div id=\"fws_69e1e2fb2ac4f\" data-midnight=\"\" data-column-margin=\"default\" class=\"wpb_row vc_row-fluid vc_row inner_row\"  style=\"padding-top: 6%; \"><div class=\"row-bg-wrap\"> <div class=\"row-bg\" ><\/div> <\/div><div class=\"row_col_wrap_12_inner col span_12  left\">\n\t<div  class=\"vc_col-sm-3 wpb_column column_container vc_column_container col child_column no-extra-padding inherit_tablet inherit_phone\"   data-padding-pos=\"all\" data-has-bg-color=\"false\" data-bg-color=\"\" data-bg-opacity=\"1\" data-animation=\"\" data-delay=\"0\" >\n\t\t<div class=\"vc_column-inner\" >\n\t\t<div class=\"wpb_wrapper\">\n\t\t\t\n\t\t<\/div> \n\t<\/div>\n\t<\/div> \n\n\t<div  class=\"vc_col-sm-6 wpb_column column_container vc_column_container col child_column no-extra-padding inherit_tablet inherit_phone\"   data-padding-pos=\"all\" data-has-bg-color=\"false\" data-bg-color=\"\" data-bg-opacity=\"1\" data-animation=\"\" data-delay=\"0\" >\n\t\t<div class=\"vc_column-inner\" >\n\t\t<div class=\"wpb_wrapper\">\n\t\t\t<div class=\"nectar-split-heading\" data-align=\"default\" data-m-align=\"inherit\" data-text-effect=\"default\" data-animation-type=\"line-reveal-by-space\" data-animation-delay=\"0\" data-animation-offset=\"\" data-m-rm-animation=\"\" data-stagger=\"true\" data-custom-font-size=\"false\" ><h2 style=\"max-width: 550px; color: #676767;\">Valores<\/h2><\/div>\n<div class=\"wpb_text_column wpb_content_element\" style=\" max-width: 550px; display: inline-block;\">\n\t<div class=\"wpb_wrapper\">\n\t\t<ul>\n<li>\n<div role=\"presentation\"><b>Innovaci\u00f3n:<\/b>\u00a0Soluciones creativas y eficaces para los retos sociales y ambientales.<\/div>\n<\/li>\n<li>\n<div role=\"presentation\"><b>Integridad: <\/b>Compromiso con la \u00e9tica, la transparencia y la responsabilidad en todas las acciones.<\/div>\n<\/li>\n<li>\n<div role=\"presentation\"><b>Colaboraci\u00f3n:<\/b>\u00a0Trabajo conjunto para impulsar cambios significativos.<\/div>\n<\/li>\n<li>\n<div role=\"presentation\"><b>Empat\u00eda:<\/b>\u00a0Escuchar con sensibilidad y respetar la diversidad de contextos, personas y culturas.<\/div>\n<\/li>\n<li>\n<div role=\"presentation\"><b>Compromiso:<\/b> Dedicaci\u00f3n a entregar resultados con excelencia e impacto duradero.<\/div>\n<\/li>\n<\/ul>\n\t<\/div>\n<\/div>\n\n\n\n\n\t\t<\/div> \n\t<\/div>\n\t<\/div> \n\n\t<div  class=\"vc_col-sm-3 wpb_column column_container vc_column_container col child_column no-extra-padding inherit_tablet inherit_phone\"   data-padding-pos=\"all\" data-has-bg-color=\"false\" data-bg-color=\"\" data-bg-opacity=\"1\" data-animation=\"\" data-delay=\"0\" >\n\t\t<div class=\"vc_column-inner\" >\n\t\t<div class=\"wpb_wrapper\">\n\t\t\t\n\t\t<\/div> \n\t<\/div>\n\t<\/div> \n<\/div><\/div>\n\t\t\t<\/div> \n\t\t<\/div>\n\t<\/div> \n<\/div><\/div>","protected":false},"excerpt":{"rendered":"Clarissa Tarapanoff es una abogada brasile\u00f1a con m\u00e1s de 22 a\u00f1os de experiencia en el sector corporativo, que combina un profundo conocimiento legal con una visi\u00f3n estrat\u00e9gica de la sostenibilidad y los principios ESG. Comenz\u00f3 su carrera en...","protected":false},"author":3,"featured_media":0,"parent":0,"menu_order":0,"comment_status":"closed","ping_status":"closed","template":"","meta":{"footnotes":""},"class_list":["post-18","page","type-page","status-publish"],"_links":{"self":[{"href":"https:\/\/tarapanoff-consulting.com\/es\/wp-json\/wp\/v2\/pages\/18","targetHints":{"allow":["GET"]}}],"collection":[{"href":"https:\/\/tarapanoff-consulting.com\/es\/wp-json\/wp\/v2\/pages"}],"about":[{"href":"https:\/\/tarapanoff-consulting.com\/es\/wp-json\/wp\/v2\/types\/page"}],"author":[{"embeddable":true,"href":"https:\/\/tarapanoff-consulting.com\/es\/wp-json\/wp\/v2\/users\/3"}],"replies":[{"embeddable":true,"href":"https:\/\/tarapanoff-consulting.com\/es\/wp-json\/wp\/v2\/comments?post=18"}],"version-history":[{"count":73,"href":"https:\/\/tarapanoff-consulting.com\/es\/wp-json\/wp\/v2\/pages\/18\/revisions"}],"predecessor-version":[{"id":200,"href":"https:\/\/tarapanoff-consulting.com\/es\/wp-json\/wp\/v2\/pages\/18\/revisions\/200"}],"wp:attachment":[{"href":"https:\/\/tarapanoff-consulting.com\/es\/wp-json\/wp\/v2\/media?parent=18"}],"curies":[{"name":"gracias","href":"https:\/\/api.w.org\/{rel}","templated":true}]}}